{"id":1001,"date":"2022-01-25T15:33:30","date_gmt":"2022-01-25T18:33:30","guid":{"rendered":"http:\/\/fundacaosolnascente.com.br\/home\/?page_id=1001"},"modified":"2025-01-23T16:30:20","modified_gmt":"2025-01-23T19:30:20","slug":"blog","status":"publish","type":"page","link":"https:\/\/fundacaosolnascente.com.br\/home\/blog\/","title":{"rendered":"Blog"},"content":{"rendered":"\t\t<div data-elementor-type=\"wp-page\" data-elementor-id=\"1001\" class=\"elementor elementor-1001\" data-elementor-post-type=\"page\">\n\t\t\t\t\t\t<section class=\"elementor-section elementor-top-section elementor-element elementor-element-ae9f745 elementor-section-full_width elementor-section-height-min-height elementor-section-height-default elementor-section-items-middle\" data-id=\"ae9f745\" data-element_type=\"section\" data-settings=\"{&quot;background_background&quot;:&quot;classic&quot;}\">\n\t\t\t\t\t\t<div class=\"elementor-container elementor-column-gap-default\">\n\t\t\t\t\t<div class=\"elementor-column elementor-col-100 elementor-top-column elementor-element elementor-element-0eb6617\" data-id=\"0eb6617\" data-element_type=\"column\">\n\t\t\t<div class=\"elementor-widget-wrap\">\n\t\t\t\t\t\t\t<\/div>\n\t\t<\/div>\n\t\t\t\t\t<\/div>\n\t\t<\/section>\n\t\t\t\t<section class=\"elementor-section elementor-top-section elementor-element elementor-element-7e26b96 elementor-section-boxed elementor-section-height-default elementor-section-height-default\" data-id=\"7e26b96\" data-element_type=\"section\">\n\t\t\t\t\t\t<div class=\"elementor-container elementor-column-gap-default\">\n\t\t\t\t\t<div class=\"elementor-column elementor-col-100 elementor-top-column elementor-element elementor-element-1feb8c4\" data-id=\"1feb8c4\" data-element_type=\"column\">\n\t\t\t<div class=\"elementor-widget-wrap elementor-element-populated\">\n\t\t\t\t\t\t<div class=\"elementor-element elementor-element-c87acbd elementor-grid-3 elementor-grid-tablet-2 elementor-grid-mobile-1 elementor-posts--thumbnail-top elementor-widget elementor-widget-posts\" data-id=\"c87acbd\" data-element_type=\"widget\" data-settings=\"{&quot;classic_columns&quot;:&quot;3&quot;,&quot;classic_columns_tablet&quot;:&quot;2&quot;,&quot;classic_columns_mobile&quot;:&quot;1&quot;,&quot;classic_row_gap&quot;:{&quot;unit&quot;:&quot;px&quot;,&quot;size&quot;:35,&quot;sizes&quot;:[]},&quot;classic_row_gap_tablet&quot;:{&quot;unit&quot;:&quot;px&quot;,&quot;size&quot;:&quot;&quot;,&quot;sizes&quot;:[]},&quot;classic_row_gap_mobile&quot;:{&quot;unit&quot;:&quot;px&quot;,&quot;size&quot;:&quot;&quot;,&quot;sizes&quot;:[]}}\" data-widget_type=\"posts.classic\">\n\t\t\t\t<div class=\"elementor-widget-container\">\n\t\t\t\t\t<div class=\"elementor-posts-container elementor-posts elementor-posts--skin-classic elementor-grid\">\n\t\t\t\t<article class=\"elementor-post elementor-grid-item post-1315 post type-post status-publish format-standard has-post-thumbnail hentry category-blog\">\n\t\t\t\t<a class=\"elementor-post__thumbnail__link\" href=\"https:\/\/fundacaosolnascente.com.br\/home\/desafios-de-2026\/\" tabindex=\"-1\" >\n\t\t\t<div class=\"elementor-post__thumbnail\"><img fetchpriority=\"high\" decoding=\"async\" width=\"300\" height=\"225\" src=\"https:\/\/fundacaosolnascente.com.br\/wp-content\/uploads\/2026\/01\/01-01-300x225.png\" class=\"attachment-medium size-medium wp-image-1317\" alt=\"\" srcset=\"https:\/\/fundacaosolnascente.com.br\/wp-content\/uploads\/2026\/01\/01-01-300x225.png 300w, https:\/\/fundacaosolnascente.com.br\/wp-content\/uploads\/2026\/01\/01-01-768x576.png 768w, https:\/\/fundacaosolnascente.com.br\/wp-content\/uploads\/2026\/01\/01-01.png 800w\" sizes=\"(max-width: 300px) 100vw, 300px\" \/><\/div>\n\t\t<\/a>\n\t\t\t\t<div class=\"elementor-post__text\">\n\t\t\t\t<h3 class=\"elementor-post__title\">\n\t\t\t<a href=\"https:\/\/fundacaosolnascente.com.br\/home\/desafios-de-2026\/\" >\n\t\t\t\tDesafios de 2026\t\t\t<\/a>\n\t\t<\/h3>\n\t\t\t\t<div class=\"elementor-post__meta-data\">\n\t\t\t\t\t<span class=\"elementor-post-date\">\n\t\t\t1 de janeiro de 2026\t\t<\/span>\n\t\t\t\t<span class=\"elementor-post-avatar\">\n\t\t\tNenhum coment\u00e1rio\t\t<\/span>\n\t\t\t\t<\/div>\n\t\t\t\t<div class=\"elementor-post__excerpt\">\n\t\t\t<p>Descubra como o Workshop Maio Roxo abordou a sa\u00fade mental em tempos de dor invis\u00edvel, com foco em L\u00fapus, Fibromialgia e Espondilite Anquilosante. Saiba mais!<\/p>\n\t\t<\/div>\n\t\t\n\t\t<a class=\"elementor-post__read-more\" href=\"https:\/\/fundacaosolnascente.com.br\/home\/desafios-de-2026\/\" aria-label=\"Read more about Desafios de 2026\" tabindex=\"-1\" >\n\t\t\tSaiba Mais\t\t<\/a>\n\n\t\t\t\t<\/div>\n\t\t\t\t<\/article>\n\t\t\t\t<article class=\"elementor-post elementor-grid-item post-1309 post type-post status-publish format-standard has-post-thumbnail hentry category-blog\">\n\t\t\t\t<a class=\"elementor-post__thumbnail__link\" href=\"https:\/\/fundacaosolnascente.com.br\/home\/dia-da-consciencia-negra-por-que-essa-data-importa-e-como-agir-na-pratica\/\" tabindex=\"-1\" >\n\t\t\t<div class=\"elementor-post__thumbnail\"><img decoding=\"async\" width=\"300\" height=\"225\" data-src=\"https:\/\/fundacaosolnascente.com.br\/wp-content\/uploads\/2025\/11\/blog-300x225.png\" class=\"attachment-medium size-medium wp-image-1307 lazyload\" alt=\"\" data-srcset=\"https:\/\/fundacaosolnascente.com.br\/wp-content\/uploads\/2025\/11\/blog-300x225.png 300w, https:\/\/fundacaosolnascente.com.br\/wp-content\/uploads\/2025\/11\/blog-768x576.png 768w, https:\/\/fundacaosolnascente.com.br\/wp-content\/uploads\/2025\/11\/blog.png 800w\" data-sizes=\"(max-width: 300px) 100vw, 300px\" src=\"data:image\/svg+xml;base64,PHN2ZyB3aWR0aD0iMSIgaGVpZ2h0PSIxIiB4bWxucz0iaHR0cDovL3d3dy53My5vcmcvMjAwMC9zdmciPjwvc3ZnPg==\" style=\"--smush-placeholder-width: 300px; --smush-placeholder-aspect-ratio: 300\/225;\" \/><\/div>\n\t\t<\/a>\n\t\t\t\t<div class=\"elementor-post__text\">\n\t\t\t\t<h3 class=\"elementor-post__title\">\n\t\t\t<a href=\"https:\/\/fundacaosolnascente.com.br\/home\/dia-da-consciencia-negra-por-que-essa-data-importa-e-como-agir-na-pratica\/\" >\n\t\t\t\tDia da Consci\u00eancia Negra: por que essa data importa e como agir na pr\u00e1tica\t\t\t<\/a>\n\t\t<\/h3>\n\t\t\t\t<div class=\"elementor-post__meta-data\">\n\t\t\t\t\t<span class=\"elementor-post-date\">\n\t\t\t20 de novembro de 2025\t\t<\/span>\n\t\t\t\t<span class=\"elementor-post-avatar\">\n\t\t\tNenhum coment\u00e1rio\t\t<\/span>\n\t\t\t\t<\/div>\n\t\t\t\t<div class=\"elementor-post__excerpt\">\n\t\t\t<p>Descubra como o Workshop Maio Roxo abordou a sa\u00fade mental em tempos de dor invis\u00edvel, com foco em L\u00fapus, Fibromialgia e Espondilite Anquilosante. Saiba mais!<\/p>\n\t\t<\/div>\n\t\t\n\t\t<a class=\"elementor-post__read-more\" href=\"https:\/\/fundacaosolnascente.com.br\/home\/dia-da-consciencia-negra-por-que-essa-data-importa-e-como-agir-na-pratica\/\" aria-label=\"Read more about Dia da Consci\u00eancia Negra: por que essa data importa e como agir na pr\u00e1tica\" tabindex=\"-1\" >\n\t\t\tSaiba Mais\t\t<\/a>\n\n\t\t\t\t<\/div>\n\t\t\t\t<\/article>\n\t\t\t\t<article class=\"elementor-post elementor-grid-item post-1281 post type-post status-publish format-standard has-post-thumbnail hentry category-eventos-ja-realizados\">\n\t\t\t\t<a class=\"elementor-post__thumbnail__link\" href=\"https:\/\/fundacaosolnascente.com.br\/home\/luz-conhecimento-e-acolhimento-mentoria-integral-sistemica-ilumina-caminhos\/\" tabindex=\"-1\" >\n\t\t\t<div class=\"elementor-post__thumbnail\"><img decoding=\"async\" width=\"300\" height=\"225\" data-src=\"https:\/\/fundacaosolnascente.com.br\/wp-content\/uploads\/2025\/10\/18-300x225.png\" class=\"attachment-medium size-medium wp-image-1289 lazyload\" alt=\"\" data-srcset=\"https:\/\/fundacaosolnascente.com.br\/wp-content\/uploads\/2025\/10\/18-300x225.png 300w, https:\/\/fundacaosolnascente.com.br\/wp-content\/uploads\/2025\/10\/18-768x576.png 768w, https:\/\/fundacaosolnascente.com.br\/wp-content\/uploads\/2025\/10\/18.png 800w\" data-sizes=\"(max-width: 300px) 100vw, 300px\" src=\"data:image\/svg+xml;base64,PHN2ZyB3aWR0aD0iMSIgaGVpZ2h0PSIxIiB4bWxucz0iaHR0cDovL3d3dy53My5vcmcvMjAwMC9zdmciPjwvc3ZnPg==\" style=\"--smush-placeholder-width: 300px; --smush-placeholder-aspect-ratio: 300\/225;\" \/><\/div>\n\t\t<\/a>\n\t\t\t\t<div class=\"elementor-post__text\">\n\t\t\t\t<h3 class=\"elementor-post__title\">\n\t\t\t<a href=\"https:\/\/fundacaosolnascente.com.br\/home\/luz-conhecimento-e-acolhimento-mentoria-integral-sistemica-ilumina-caminhos\/\" >\n\t\t\t\tLuz, Conhecimento e Acolhimento: Mentoria Integral Sist\u00eamica Ilumina Caminhos\t\t\t<\/a>\n\t\t<\/h3>\n\t\t\t\t<div class=\"elementor-post__meta-data\">\n\t\t\t\t\t<span class=\"elementor-post-date\">\n\t\t\t19 de setembro de 2025\t\t<\/span>\n\t\t\t\t<span class=\"elementor-post-avatar\">\n\t\t\tNenhum coment\u00e1rio\t\t<\/span>\n\t\t\t\t<\/div>\n\t\t\t\t<div class=\"elementor-post__excerpt\">\n\t\t\t<p>Descubra como o Workshop Maio Roxo abordou a sa\u00fade mental em tempos de dor invis\u00edvel, com foco em L\u00fapus, Fibromialgia e Espondilite Anquilosante. Saiba mais!<\/p>\n\t\t<\/div>\n\t\t\n\t\t<a class=\"elementor-post__read-more\" href=\"https:\/\/fundacaosolnascente.com.br\/home\/luz-conhecimento-e-acolhimento-mentoria-integral-sistemica-ilumina-caminhos\/\" aria-label=\"Read more about Luz, Conhecimento e Acolhimento: Mentoria Integral Sist\u00eamica Ilumina Caminhos\" tabindex=\"-1\" >\n\t\t\tSaiba Mais\t\t<\/a>\n\n\t\t\t\t<\/div>\n\t\t\t\t<\/article>\n\t\t\t\t<article class=\"elementor-post elementor-grid-item post-1260 post type-post status-publish format-standard has-post-thumbnail hentry category-blog\">\n\t\t\t\t<a class=\"elementor-post__thumbnail__link\" href=\"https:\/\/fundacaosolnascente.com.br\/home\/setembro-realize-sonhos\/\" tabindex=\"-1\" >\n\t\t\t<div class=\"elementor-post__thumbnail\"><img decoding=\"async\" width=\"300\" height=\"225\" data-src=\"https:\/\/fundacaosolnascente.com.br\/wp-content\/uploads\/2025\/09\/sonhos-300x225.png\" class=\"attachment-medium size-medium wp-image-1265 lazyload\" alt=\"\" data-srcset=\"https:\/\/fundacaosolnascente.com.br\/wp-content\/uploads\/2025\/09\/sonhos-300x225.png 300w, https:\/\/fundacaosolnascente.com.br\/wp-content\/uploads\/2025\/09\/sonhos-1024x768.png 1024w, https:\/\/fundacaosolnascente.com.br\/wp-content\/uploads\/2025\/09\/sonhos-768x576.png 768w, https:\/\/fundacaosolnascente.com.br\/wp-content\/uploads\/2025\/09\/sonhos.png 1200w\" data-sizes=\"(max-width: 300px) 100vw, 300px\" src=\"data:image\/svg+xml;base64,PHN2ZyB3aWR0aD0iMSIgaGVpZ2h0PSIxIiB4bWxucz0iaHR0cDovL3d3dy53My5vcmcvMjAwMC9zdmciPjwvc3ZnPg==\" style=\"--smush-placeholder-width: 300px; --smush-placeholder-aspect-ratio: 300\/225;\" \/><\/div>\n\t\t<\/a>\n\t\t\t\t<div class=\"elementor-post__text\">\n\t\t\t\t<h3 class=\"elementor-post__title\">\n\t\t\t<a href=\"https:\/\/fundacaosolnascente.com.br\/home\/setembro-realize-sonhos\/\" >\n\t\t\t\tSETEMBRO? REALIZE SONHOS!\t\t\t<\/a>\n\t\t<\/h3>\n\t\t\t\t<div class=\"elementor-post__meta-data\">\n\t\t\t\t\t<span class=\"elementor-post-date\">\n\t\t\t10 de setembro de 2025\t\t<\/span>\n\t\t\t\t<span class=\"elementor-post-avatar\">\n\t\t\tNenhum coment\u00e1rio\t\t<\/span>\n\t\t\t\t<\/div>\n\t\t\t\t<div class=\"elementor-post__excerpt\">\n\t\t\t<p>Descubra como o Workshop Maio Roxo abordou a sa\u00fade mental em tempos de dor invis\u00edvel, com foco em L\u00fapus, Fibromialgia e Espondilite Anquilosante. Saiba mais!<\/p>\n\t\t<\/div>\n\t\t\n\t\t<a class=\"elementor-post__read-more\" href=\"https:\/\/fundacaosolnascente.com.br\/home\/setembro-realize-sonhos\/\" aria-label=\"Read more about SETEMBRO? REALIZE SONHOS!\" tabindex=\"-1\" >\n\t\t\tSaiba Mais\t\t<\/a>\n\n\t\t\t\t<\/div>\n\t\t\t\t<\/article>\n\t\t\t\t<article class=\"elementor-post elementor-grid-item post-1271 post type-post status-publish format-standard has-post-thumbnail hentry category-eventos-ja-realizados\">\n\t\t\t\t<a class=\"elementor-post__thumbnail__link\" href=\"https:\/\/fundacaosolnascente.com.br\/home\/joao-pessoa-vai-respirar-capoeira-em-setembro-vem-ai-o-vii-festival-ginga-nacao\/\" tabindex=\"-1\" >\n\t\t\t<div class=\"elementor-post__thumbnail\"><img decoding=\"async\" width=\"300\" height=\"225\" data-src=\"https:\/\/fundacaosolnascente.com.br\/wp-content\/uploads\/2025\/09\/capoeira-300x225.jpg\" class=\"attachment-medium size-medium wp-image-1276 lazyload\" alt=\"\" data-srcset=\"https:\/\/fundacaosolnascente.com.br\/wp-content\/uploads\/2025\/09\/capoeira-300x225.jpg 300w, https:\/\/fundacaosolnascente.com.br\/wp-content\/uploads\/2025\/09\/capoeira-1024x768.jpg 1024w, https:\/\/fundacaosolnascente.com.br\/wp-content\/uploads\/2025\/09\/capoeira-768x576.jpg 768w, https:\/\/fundacaosolnascente.com.br\/wp-content\/uploads\/2025\/09\/capoeira.jpg 1200w\" data-sizes=\"(max-width: 300px) 100vw, 300px\" src=\"data:image\/svg+xml;base64,PHN2ZyB3aWR0aD0iMSIgaGVpZ2h0PSIxIiB4bWxucz0iaHR0cDovL3d3dy53My5vcmcvMjAwMC9zdmciPjwvc3ZnPg==\" style=\"--smush-placeholder-width: 300px; --smush-placeholder-aspect-ratio: 300\/225;\" \/><\/div>\n\t\t<\/a>\n\t\t\t\t<div class=\"elementor-post__text\">\n\t\t\t\t<h3 class=\"elementor-post__title\">\n\t\t\t<a href=\"https:\/\/fundacaosolnascente.com.br\/home\/joao-pessoa-vai-respirar-capoeira-em-setembro-vem-ai-o-vii-festival-ginga-nacao\/\" >\n\t\t\t\tJo\u00e3o Pessoa vai respirar Capoeira em Setembro! Vem a\u00ed o VII Festival Ginga Na\u00e7\u00e3o!\t\t\t<\/a>\n\t\t<\/h3>\n\t\t\t\t<div class=\"elementor-post__meta-data\">\n\t\t\t\t\t<span class=\"elementor-post-date\">\n\t\t\t1 de setembro de 2025\t\t<\/span>\n\t\t\t\t<span class=\"elementor-post-avatar\">\n\t\t\tNenhum coment\u00e1rio\t\t<\/span>\n\t\t\t\t<\/div>\n\t\t\t\t<div class=\"elementor-post__excerpt\">\n\t\t\t<p>Descubra como o Workshop Maio Roxo abordou a sa\u00fade mental em tempos de dor invis\u00edvel, com foco em L\u00fapus, Fibromialgia e Espondilite Anquilosante. Saiba mais!<\/p>\n\t\t<\/div>\n\t\t\n\t\t<a class=\"elementor-post__read-more\" href=\"https:\/\/fundacaosolnascente.com.br\/home\/joao-pessoa-vai-respirar-capoeira-em-setembro-vem-ai-o-vii-festival-ginga-nacao\/\" aria-label=\"Read more about Jo\u00e3o Pessoa vai respirar Capoeira em Setembro! Vem a\u00ed o VII Festival Ginga Na\u00e7\u00e3o!\" tabindex=\"-1\" >\n\t\t\tSaiba Mais\t\t<\/a>\n\n\t\t\t\t<\/div>\n\t\t\t\t<\/article>\n\t\t\t\t<article class=\"elementor-post elementor-grid-item post-1244 post type-post status-publish format-standard has-post-thumbnail hentry category-blog\">\n\t\t\t\t<a class=\"elementor-post__thumbnail__link\" href=\"https:\/\/fundacaosolnascente.com.br\/home\/agosto_nao_e_o_mes_do_desgosto\/\" tabindex=\"-1\" >\n\t\t\t<div class=\"elementor-post__thumbnail\"><img decoding=\"async\" width=\"300\" height=\"225\" data-src=\"https:\/\/fundacaosolnascente.com.br\/wp-content\/uploads\/2025\/08\/risadinha-300x225.png\" class=\"attachment-medium size-medium wp-image-1251 lazyload\" alt=\"\" data-srcset=\"https:\/\/fundacaosolnascente.com.br\/wp-content\/uploads\/2025\/08\/risadinha-300x225.png 300w, https:\/\/fundacaosolnascente.com.br\/wp-content\/uploads\/2025\/08\/risadinha-1024x768.png 1024w, https:\/\/fundacaosolnascente.com.br\/wp-content\/uploads\/2025\/08\/risadinha-768x576.png 768w, https:\/\/fundacaosolnascente.com.br\/wp-content\/uploads\/2025\/08\/risadinha.png 1200w\" data-sizes=\"(max-width: 300px) 100vw, 300px\" src=\"data:image\/svg+xml;base64,PHN2ZyB3aWR0aD0iMSIgaGVpZ2h0PSIxIiB4bWxucz0iaHR0cDovL3d3dy53My5vcmcvMjAwMC9zdmciPjwvc3ZnPg==\" style=\"--smush-placeholder-width: 300px; --smush-placeholder-aspect-ratio: 300\/225;\" \/><\/div>\n\t\t<\/a>\n\t\t\t\t<div class=\"elementor-post__text\">\n\t\t\t\t<h3 class=\"elementor-post__title\">\n\t\t\t<a href=\"https:\/\/fundacaosolnascente.com.br\/home\/agosto_nao_e_o_mes_do_desgosto\/\" >\n\t\t\t\tAGOSTO N\u00c3O \u00c9 M\u00caS DO DESGOSTO\t\t\t<\/a>\n\t\t<\/h3>\n\t\t\t\t<div class=\"elementor-post__meta-data\">\n\t\t\t\t\t<span class=\"elementor-post-date\">\n\t\t\t1 de agosto de 2025\t\t<\/span>\n\t\t\t\t<span class=\"elementor-post-avatar\">\n\t\t\tNenhum coment\u00e1rio\t\t<\/span>\n\t\t\t\t<\/div>\n\t\t\t\t<div class=\"elementor-post__excerpt\">\n\t\t\t<p>Descubra como o Workshop Maio Roxo abordou a sa\u00fade mental em tempos de dor invis\u00edvel, com foco em L\u00fapus, Fibromialgia e Espondilite Anquilosante. Saiba mais!<\/p>\n\t\t<\/div>\n\t\t\n\t\t<a class=\"elementor-post__read-more\" href=\"https:\/\/fundacaosolnascente.com.br\/home\/agosto_nao_e_o_mes_do_desgosto\/\" aria-label=\"Read more about AGOSTO N\u00c3O \u00c9 M\u00caS DO DESGOSTO\" tabindex=\"-1\" >\n\t\t\tSaiba Mais\t\t<\/a>\n\n\t\t\t\t<\/div>\n\t\t\t\t<\/article>\n\t\t\t\t<\/div>\n\t\t\n\t\t\t\t<\/div>\n\t\t\t\t<\/div>\n\t\t\t\t\t<\/div>\n\t\t<\/div>\n\t\t\t\t\t<\/div>\n\t\t<\/section>\n\t\t\t\t<\/div>\n\t\t","protected":false},"excerpt":{"rendered":"","protected":false},"author":1,"featured_media":0,"parent":0,"menu_order":0,"comment_status":"closed","ping_status":"closed","template":"","meta":{"footnotes":""},"class_list":["post-1001","page","type-page","status-publish","hentry"],"_links":{"self":[{"href":"https:\/\/fundacaosolnascente.com.br\/home\/wp-json\/wp\/v2\/pages\/1001"}],"collection":[{"href":"https:\/\/fundacaosolnascente.com.br\/home\/wp-json\/wp\/v2\/pages"}],"about":[{"href":"https:\/\/fundacaosolnascente.com.br\/home\/wp-json\/wp\/v2\/types\/page"}],"author":[{"embeddable":true,"href":"https:\/\/fundacaosolnascente.com.br\/home\/wp-json\/wp\/v2\/users\/1"}],"replies":[{"embeddable":true,"href":"https:\/\/fundacaosolnascente.com.br\/home\/wp-json\/wp\/v2\/comments?post=1001"}],"version-history":[{"count":16,"href":"https:\/\/fundacaosolnascente.com.br\/home\/wp-json\/wp\/v2\/pages\/1001\/revisions"}],"predecessor-version":[{"id":1190,"href":"https:\/\/fundacaosolnascente.com.br\/home\/wp-json\/wp\/v2\/pages\/1001\/revisions\/1190"}],"wp:attachment":[{"href":"https:\/\/fundacaosolnascente.com.br\/home\/wp-json\/wp\/v2\/media?parent=1001"}],"curies":[{"name":"wp","href":"https:\/\/api.w.org\/{rel}","templated":true}]}}