{"id":53,"date":"2021-02-27T09:47:24","date_gmt":"2021-02-27T12:47:24","guid":{"rendered":"http:\/\/fundacaosolnascente.com.br\/?page_id=53"},"modified":"2021-05-19T11:42:33","modified_gmt":"2021-05-19T14:42:33","slug":"quem-somos","status":"publish","type":"page","link":"https:\/\/fundacaosolnascente.com.br\/home\/quem-somos\/","title":{"rendered":"Quem Somos"},"content":{"rendered":"\t\t<div data-elementor-type=\"wp-page\" data-elementor-id=\"53\" class=\"elementor elementor-53\" data-elementor-post-type=\"page\">\n\t\t\t\t\t\t<section class=\"elementor-section elementor-top-section elementor-element elementor-element-6b250d63 elementor-section-height-min-height elementor-section-boxed elementor-section-height-default elementor-section-items-middle\" data-id=\"6b250d63\" data-element_type=\"section\" data-settings=\"{&quot;background_background&quot;:&quot;slideshow&quot;,&quot;background_slideshow_gallery&quot;:[{&quot;id&quot;:200,&quot;url&quot;:&quot;http:\\\/\\\/fundacaosolnascente.com.br\\\/wp-content\\\/uploads\\\/2021\\\/05\\\/quemsomos01.jpg&quot;}],&quot;background_slideshow_loop&quot;:&quot;yes&quot;,&quot;background_slideshow_slide_duration&quot;:5000,&quot;background_slideshow_slide_transition&quot;:&quot;fade&quot;,&quot;background_slideshow_transition_duration&quot;:500}\">\n\t\t\t\t\t\t\t<div class=\"elementor-background-overlay\"><\/div>\n\t\t\t\t\t\t\t<div class=\"elementor-container elementor-column-gap-default\">\n\t\t\t\t\t<div class=\"elementor-column elementor-col-100 elementor-top-column elementor-element elementor-element-6cf10923\" data-id=\"6cf10923\" data-element_type=\"column\">\n\t\t\t<div class=\"elementor-widget-wrap\">\n\t\t\t\t\t\t\t<\/div>\n\t\t<\/div>\n\t\t\t\t\t<\/div>\n\t\t<\/section>\n\t\t\t\t<section class=\"elementor-section elementor-top-section elementor-element elementor-element-26421697 elementor-section-height-min-height elementor-section-content-middle elementor-reverse-mobile elementor-section-full_width elementor-section-height-default elementor-section-items-middle\" data-id=\"26421697\" data-element_type=\"section\" data-settings=\"{&quot;background_background&quot;:&quot;none&quot;}\">\n\t\t\t\t\t\t<div class=\"elementor-container elementor-column-gap-default\">\n\t\t\t\t\t<div class=\"elementor-column elementor-col-50 elementor-top-column elementor-element elementor-element-36d4dd26\" data-id=\"36d4dd26\" data-element_type=\"column\">\n\t\t\t<div class=\"elementor-widget-wrap elementor-element-populated\">\n\t\t\t\t\t\t<div class=\"elementor-element elementor-element-1b22fbe8 elementor-widget elementor-widget-image\" data-id=\"1b22fbe8\" data-element_type=\"widget\" data-widget_type=\"image.default\">\n\t\t\t\t<div class=\"elementor-widget-container\">\n\t\t\t\t\t\t\t\t\t\t\t\t\t<img fetchpriority=\"high\" decoding=\"async\" width=\"960\" height=\"504\" src=\"https:\/\/fundacaosolnascente.com.br\/wp-content\/uploads\/2021\/05\/quemsomos03.jpg\" class=\"attachment-full size-full wp-image-206\" alt=\"\" srcset=\"https:\/\/fundacaosolnascente.com.br\/wp-content\/uploads\/2021\/05\/quemsomos03.jpg 960w, https:\/\/fundacaosolnascente.com.br\/wp-content\/uploads\/2021\/05\/quemsomos03-300x158.jpg 300w, https:\/\/fundacaosolnascente.com.br\/wp-content\/uploads\/2021\/05\/quemsomos03-768x403.jpg 768w\" sizes=\"(max-width: 960px) 100vw, 960px\" \/>\t\t\t\t\t\t\t\t\t\t\t\t\t<\/div>\n\t\t\t\t<\/div>\n\t\t\t\t\t<\/div>\n\t\t<\/div>\n\t\t\t\t<div class=\"elementor-column elementor-col-50 elementor-top-column elementor-element elementor-element-67029c02\" data-id=\"67029c02\" data-element_type=\"column\">\n\t\t\t<div class=\"elementor-widget-wrap elementor-element-populated\">\n\t\t\t\t\t\t<div class=\"elementor-element elementor-element-53c9deb5 elementor-widget elementor-widget-text-editor\" data-id=\"53c9deb5\" data-element_type=\"widget\" data-widget_type=\"text-editor.default\">\n\t\t\t\t<div class=\"elementor-widget-container\">\n\t\t\t\t\t\t\t<p>Localizada em Jo\u00e3o Pessoa, PB, a Funda\u00e7\u00e3o Sol Nascente foi criada em 22\/02\/2002, tendo iniciado sua a\u00e7\u00e3o com a capacita\u00e7\u00e3o de 1000 jovens na cidade de Jo\u00e3o Pessoa, em parceria com Instituto Qualivida e Social Democracia Sindical (RJ), e o apoio da Prefeitura atrav\u00e9s da cess\u00e3o de salas de aula em escolas p\u00fablicas. A forma\u00e7\u00e3o realizada contemplou capacita\u00e7\u00f5es em \u00e1reas de trabalho que permitissem uma atua\u00e7\u00e3o aut\u00f4noma ou o trabalho em com\u00e9rcio, ind\u00fastrias e empresas de servi\u00e7o.<\/p><p>Como um de seus objetivos centrais sempre foi a educa\u00e7\u00e3o, foi desenvolvida pela Funda\u00e7\u00e3o Sol Nascente uma pesquisa com 500 jovens em Jo\u00e3o Pessoa e Cabedelo, identificando os cursos de maior interesse ao procurarem o ensino superior. O objetivo era oferecer cursos de forte interesse local. Contratou-se tamb\u00e9m consultoria especializada para compreender o processo de licenciamento \u2013 Carta Consulta, de Belo Horizonte, e foi uma comiss\u00e3o de professores de Jo\u00e3o Pessoa e Cabedelo com Mestrado e Doutorado para a discuss\u00e3o dos cursos, objetivos de forma\u00e7\u00e3o que inclu\u00edam foco empreendedor e inova\u00e7\u00e3o.<\/p>\t\t\t\t\t\t<\/div>\n\t\t\t\t<\/div>\n\t\t\t\t\t<\/div>\n\t\t<\/div>\n\t\t\t\t\t<\/div>\n\t\t<\/section>\n\t\t\t\t<section class=\"elementor-section elementor-top-section elementor-element elementor-element-837f5b3 elementor-section-full_width elementor-section-height-default elementor-section-height-default\" data-id=\"837f5b3\" data-element_type=\"section\" data-settings=\"{&quot;background_background&quot;:&quot;classic&quot;}\">\n\t\t\t\t\t\t<div class=\"elementor-container elementor-column-gap-default\">\n\t\t\t\t\t<div class=\"elementor-column elementor-col-100 elementor-top-column elementor-element elementor-element-d007b2c\" data-id=\"d007b2c\" data-element_type=\"column\">\n\t\t\t<div class=\"elementor-widget-wrap elementor-element-populated\">\n\t\t\t\t\t\t<div class=\"elementor-element elementor-element-29e0348 elementor-widget elementor-widget-testimonial\" data-id=\"29e0348\" data-element_type=\"widget\" data-widget_type=\"testimonial.default\">\n\t\t\t\t<div class=\"elementor-widget-container\">\n\t\t\t\t\t<div class=\"elementor-testimonial-wrapper\">\n\t\t\t\t\t\t\t<div class=\"elementor-testimonial-content\">A NECESSIDADE \u00c9 A M\u00c3E DA INOVA\u00c7\u00c3O.<\/div>\n\t\t\t\n\t\t\t\t\t\t<div class=\"elementor-testimonial-meta elementor-has-image elementor-testimonial-image-position-aside\">\n\t\t\t\t<div class=\"elementor-testimonial-meta-inner\">\n\t\t\t\t\t\t\t\t\t\t\t<div class=\"elementor-testimonial-image\">\n\t\t\t\t\t\t\t<img decoding=\"async\" width=\"300\" height=\"300\" data-src=\"https:\/\/fundacaosolnascente.com.br\/wp-content\/uploads\/2021\/05\/platao.png\" class=\"attachment-medium size-medium wp-image-370 lazyload\" alt=\"\" data-srcset=\"https:\/\/fundacaosolnascente.com.br\/wp-content\/uploads\/2021\/05\/platao.png 300w, https:\/\/fundacaosolnascente.com.br\/wp-content\/uploads\/2021\/05\/platao-150x150.png 150w\" data-sizes=\"(max-width: 300px) 100vw, 300px\" src=\"data:image\/svg+xml;base64,PHN2ZyB3aWR0aD0iMSIgaGVpZ2h0PSIxIiB4bWxucz0iaHR0cDovL3d3dy53My5vcmcvMjAwMC9zdmciPjwvc3ZnPg==\" style=\"--smush-placeholder-width: 300px; --smush-placeholder-aspect-ratio: 300\/300;\" \/>\t\t\t\t\t\t<\/div>\n\t\t\t\t\t\n\t\t\t\t\t\t\t\t\t\t<div class=\"elementor-testimonial-details\">\n\t\t\t\t\t\t\t\t\t\t\t\t\t\t<div class=\"elementor-testimonial-name\">Plat\u00e3o<\/div>\n\t\t\t\t\t\t\t\t\t\t\t\t\t\t\t\t\t\t\t\t\t\t<div class=\"elementor-testimonial-job\">Fil\u00f3sofo<\/div>\n\t\t\t\t\t\t\t\t\t\t\t\t\t<\/div>\n\t\t\t\t\t\t\t\t\t<\/div>\n\t\t\t<\/div>\n\t\t\t\t\t<\/div>\n\t\t\t\t<\/div>\n\t\t\t\t<\/div>\n\t\t\t\t\t<\/div>\n\t\t<\/div>\n\t\t\t\t\t<\/div>\n\t\t<\/section>\n\t\t\t\t<section class=\"elementor-section elementor-top-section elementor-element elementor-element-753af58 elementor-section-full_width elementor-section-height-default elementor-section-height-default\" data-id=\"753af58\" data-element_type=\"section\">\n\t\t\t\t\t\t<div class=\"elementor-container elementor-column-gap-default\">\n\t\t\t\t\t<div class=\"elementor-column elementor-col-33 elementor-top-column elementor-element elementor-element-6b486cb\" data-id=\"6b486cb\" data-element_type=\"column\">\n\t\t\t<div class=\"elementor-widget-wrap elementor-element-populated\">\n\t\t\t\t\t\t<div class=\"elementor-element elementor-element-f640023 elementor-widget elementor-widget-image\" data-id=\"f640023\" data-element_type=\"widget\" data-widget_type=\"image.default\">\n\t\t\t\t<div class=\"elementor-widget-container\">\n\t\t\t\t\t\t\t\t\t\t\t\t\t<img decoding=\"async\" width=\"400\" height=\"450\" data-src=\"https:\/\/fundacaosolnascente.com.br\/wp-content\/uploads\/2021\/05\/ead.jpg\" class=\"attachment-large size-large wp-image-387 lazyload\" alt=\"\" data-srcset=\"https:\/\/fundacaosolnascente.com.br\/wp-content\/uploads\/2021\/05\/ead.jpg 400w, https:\/\/fundacaosolnascente.com.br\/wp-content\/uploads\/2021\/05\/ead-267x300.jpg 267w\" data-sizes=\"(max-width: 400px) 100vw, 400px\" src=\"data:image\/svg+xml;base64,PHN2ZyB3aWR0aD0iMSIgaGVpZ2h0PSIxIiB4bWxucz0iaHR0cDovL3d3dy53My5vcmcvMjAwMC9zdmciPjwvc3ZnPg==\" style=\"--smush-placeholder-width: 400px; --smush-placeholder-aspect-ratio: 400\/450;\" \/>\t\t\t\t\t\t\t\t\t\t\t\t\t<\/div>\n\t\t\t\t<\/div>\n\t\t\t\t\t<\/div>\n\t\t<\/div>\n\t\t\t\t<div class=\"elementor-column elementor-col-66 elementor-top-column elementor-element elementor-element-386f73b\" data-id=\"386f73b\" data-element_type=\"column\">\n\t\t\t<div class=\"elementor-widget-wrap elementor-element-populated\">\n\t\t\t\t\t\t<div class=\"elementor-element elementor-element-ae1280f elementor-widget elementor-widget-text-editor\" data-id=\"ae1280f\" data-element_type=\"widget\" data-widget_type=\"text-editor.default\">\n\t\t\t\t<div class=\"elementor-widget-container\">\n\t\t\t\t\t\t\t<p>No entanto, a economia brasileira evidenciou um movimento descont\u00ednuo de pequenos ciclos de crescimento com desacelera\u00e7\u00f5es econ\u00f4micas: em 2000, o PIB cresceu 4,3%; entre 2001 e 2003 houve uma forte desacelera\u00e7\u00e3o (nesse per\u00edodo o PIB cresceu a uma taxa m\u00e9dia de 1,7% ao ano). N\u00e3o houve confian\u00e7a no cen\u00e1rio econ\u00f4mico para fazer a investida definitiva no processo mas, apesar de descontinuado o processo em curso, a Presidente da funda\u00e7\u00e3o. Sra. Myrthes Ribeiro Coutinho, refor\u00e7ou a relev\u00e2ncia de n\u00e3o descuidarmos da educa\u00e7\u00e3o como foco central da atua\u00e7\u00e3o da Funda\u00e7\u00e3o.<\/p><p>Para seguir com a miss\u00e3o, foi iniciado um trabalho de busca de a\u00e7\u00f5es conjuntas com Institui\u00e7\u00f5es de Ensino Superior prestigiadas no Estado e no pa\u00eds, observando-se tamb\u00e9m a possibilidade de incluir a modalidade e-learning.\u00a0 Em 27\/04\/2016 foi firmado um Conv\u00eanio entre Funda\u00e7\u00e3o Sol Nascente e Sociedade de Ensino Superior da Para\u00edba S\/S Ltda., iniciando reuni\u00f5es para e-learning. \u00a0A parceria com IESP foi ampliada e foram feitos eventos em conjunto, hoje sob o guarda-chuva de um termo de coopera\u00e7\u00e3o.<\/p><p>Na remodela\u00e7\u00e3o que a Funda\u00e7\u00e3o Sol Nascente fez dos Estatutos Sociais que promoveu em 2017, contou com a relevante experi\u00eancia na \u00e1rea de educa\u00e7\u00e3o de um dos membros do Conselho da Funda\u00e7\u00e3o, Dr. H\u00e9lio Barros, que contribuiu sobre o projeto de a\u00e7\u00e3o e o conceito com que a Funda\u00e7\u00e3o atuaria nas suas principais \u00e1reas:\u00a0<strong>Educa\u00e7\u00e3o, Cultura, Cidadania e Empreendedorismo.<\/strong><\/p>\t\t\t\t\t\t<\/div>\n\t\t\t\t<\/div>\n\t\t\t\t\t<\/div>\n\t\t<\/div>\n\t\t\t\t\t<\/div>\n\t\t<\/section>\n\t\t\t\t<\/div>\n\t\t","protected":false},"excerpt":{"rendered":"<p>Localizada em Jo\u00e3o Pessoa, PB, a Funda\u00e7\u00e3o Sol Nascente foi criada em 22\/02\/2002, tendo iniciado sua a\u00e7\u00e3o com a capacita\u00e7\u00e3o de 1000 jovens na cidade de Jo\u00e3o Pessoa, em parceria com Instituto Qualivida e Social Democracia Sindical (RJ), e o apoio da Prefeitura atrav\u00e9s da cess\u00e3o de salas de aula em escolas p\u00fablicas. A forma\u00e7\u00e3o &hellip;<\/p>\n<p class=\"read-more\"> <a class=\"\" href=\"https:\/\/fundacaosolnascente.com.br\/home\/quem-somos\/\"> <span class=\"screen-reader-text\">Quem Somos<\/span> Leia mais &raquo;<\/a><\/p>\n","protected":false},"author":1,"featured_media":0,"parent":0,"menu_order":0,"comment_status":"closed","ping_status":"closed","template":"","meta":{"footnotes":""},"class_list":["post-53","page","type-page","status-publish","hentry"],"_links":{"self":[{"href":"https:\/\/fundacaosolnascente.com.br\/home\/wp-json\/wp\/v2\/pages\/53"}],"collection":[{"href":"https:\/\/fundacaosolnascente.com.br\/home\/wp-json\/wp\/v2\/pages"}],"about":[{"href":"https:\/\/fundacaosolnascente.com.br\/home\/wp-json\/wp\/v2\/types\/page"}],"author":[{"embeddable":true,"href":"https:\/\/fundacaosolnascente.com.br\/home\/wp-json\/wp\/v2\/users\/1"}],"replies":[{"embeddable":true,"href":"https:\/\/fundacaosolnascente.com.br\/home\/wp-json\/wp\/v2\/comments?post=53"}],"version-history":[{"count":79,"href":"https:\/\/fundacaosolnascente.com.br\/home\/wp-json\/wp\/v2\/pages\/53\/revisions"}],"predecessor-version":[{"id":402,"href":"https:\/\/fundacaosolnascente.com.br\/home\/wp-json\/wp\/v2\/pages\/53\/revisions\/402"}],"wp:attachment":[{"href":"https:\/\/fundacaosolnascente.com.br\/home\/wp-json\/wp\/v2\/media?parent=53"}],"curies":[{"name":"wp","href":"https:\/\/api.w.org\/{rel}","templated":true}]}}