{"id":82,"date":"2021-02-27T10:44:03","date_gmt":"2021-02-27T13:44:03","guid":{"rendered":"http:\/\/fundacaosolnascente.com.br\/?page_id=82"},"modified":"2022-01-25T11:37:14","modified_gmt":"2022-01-25T14:37:14","slug":"voluntariado","status":"publish","type":"page","link":"https:\/\/fundacaosolnascente.com.br\/home\/voluntariado\/","title":{"rendered":"Voluntariado"},"content":{"rendered":"\t\t<div data-elementor-type=\"wp-page\" data-elementor-id=\"82\" class=\"elementor elementor-82\" data-elementor-post-type=\"page\">\n\t\t\t\t\t\t<section class=\"elementor-section elementor-top-section elementor-element elementor-element-16ecd9dd elementor-section-height-min-height elementor-section-boxed elementor-section-height-default elementor-section-items-middle\" data-id=\"16ecd9dd\" data-element_type=\"section\" data-settings=\"{&quot;background_background&quot;:&quot;classic&quot;}\">\n\t\t\t\t\t\t\t<div class=\"elementor-background-overlay\"><\/div>\n\t\t\t\t\t\t\t<div class=\"elementor-container elementor-column-gap-default\">\n\t\t\t\t\t<div class=\"elementor-column elementor-col-100 elementor-top-column elementor-element elementor-element-390219e\" data-id=\"390219e\" data-element_type=\"column\">\n\t\t\t<div class=\"elementor-widget-wrap\">\n\t\t\t\t\t\t\t<\/div>\n\t\t<\/div>\n\t\t\t\t\t<\/div>\n\t\t<\/section>\n\t\t\t\t<section class=\"elementor-section elementor-top-section elementor-element elementor-element-4938001 elementor-section-full_width elementor-section-height-default elementor-section-height-default\" data-id=\"4938001\" data-element_type=\"section\">\n\t\t\t\t\t\t<div class=\"elementor-container elementor-column-gap-default\">\n\t\t\t\t\t<div class=\"elementor-column elementor-col-100 elementor-top-column elementor-element elementor-element-8e3ca29\" data-id=\"8e3ca29\" data-element_type=\"column\">\n\t\t\t<div class=\"elementor-widget-wrap elementor-element-populated\">\n\t\t\t\t\t\t<div class=\"elementor-element elementor-element-c1d4ac0 elementor-widget elementor-widget-text-editor\" data-id=\"c1d4ac0\" data-element_type=\"widget\" data-widget_type=\"text-editor.default\">\n\t\t\t\t<div class=\"elementor-widget-container\">\n\t\t\t\t\t\t\t<p>A cidadania \u00e9 um dos quatro temas que a Funda\u00e7\u00e3o Sol Nascente trata com especial dedica\u00e7\u00e3o e interesse. Nos eventos, h\u00e1 uma contribui\u00e7\u00e3o permanente de jovens do IESP com quem a Funda\u00e7\u00e3o tem um termo de coopera\u00e7\u00e3o e de outras empresas e institui\u00e7\u00f5es. O foco \u00e9 que uma pessoa que se voluntaria para a\u00e7\u00f5es sociais, t\u00e9cnicas, culturais ou outras similares, est\u00e1 se desenvolvendo enquanto cidad\u00e3, participando da din\u00e2mica social em alguma medida.<\/p><p>O planejamento para o tri\u00eanio 2021-2023 \u00e9 direcionar a a\u00e7\u00e3o volunt\u00e1ria para fotos tem\u00e1ticos pois, desta forma, estar\u00e1 sendo fortalecida a ader\u00eancia da funda\u00e7\u00e3o a \u00e1reas de forte din\u00e2mica social.<\/p><p>Foram selecionados alguns temas de particular interesse para o pa\u00eds, e estar\u00e3o sendo progressivamente preparados e convidadas pessoas que se destacarem nas atividades de capacita\u00e7\u00e3o em voluntariado para que estejam com a Funda\u00e7\u00e3o de maneira continuada.<\/p>\t\t\t\t\t\t<\/div>\n\t\t\t\t<\/div>\n\t\t\t\t\t<\/div>\n\t\t<\/div>\n\t\t\t\t\t<\/div>\n\t\t<\/section>\n\t\t\t\t<section class=\"elementor-section elementor-top-section elementor-element elementor-element-8d00db0 elementor-section-full_width elementor-section-height-default elementor-section-height-default\" data-id=\"8d00db0\" data-element_type=\"section\" data-settings=\"{&quot;background_background&quot;:&quot;classic&quot;}\">\n\t\t\t\t\t\t<div class=\"elementor-container elementor-column-gap-default\">\n\t\t\t\t\t<div class=\"elementor-column elementor-col-50 elementor-top-column elementor-element elementor-element-60ec0e7\" data-id=\"60ec0e7\" data-element_type=\"column\">\n\t\t\t<div class=\"elementor-widget-wrap elementor-element-populated\">\n\t\t\t\t\t\t<div class=\"elementor-element elementor-element-18f2c2a elementor-widget elementor-widget-text-editor\" data-id=\"18f2c2a\" data-element_type=\"widget\" data-widget_type=\"text-editor.default\">\n\t\t\t\t<div class=\"elementor-widget-container\">\n\t\t\t\t\t\t\t<p><strong style=\"font-style: inherit; color: var( --e-global-color-text ); font-family: var( --e-global-typography-text-font-family ), Sans-serif;\">Em 2020, foram definidas as dez \u00c1reas de Atua\u00e7\u00e3o das Comiss\u00f5es Tem\u00e1ticas:<\/strong><\/p><ul><li>Comiss\u00e3o da Mulher<span class=\"Apple-converted-space\">\u00a0<\/span><\/li><li>Comiss\u00e3o do Jovem<span class=\"Apple-converted-space\">\u00a0<\/span><\/li><li>Comiss\u00e3o de Forma\u00e7\u00e3o e Internacionaliza\u00e7\u00e3o<\/li><li>Comiss\u00e3o de Esportes<\/li><li>Comiss\u00e3o de Meio Ambiente e Energia<\/li><\/ul>\t\t\t\t\t\t<\/div>\n\t\t\t\t<\/div>\n\t\t\t\t\t<\/div>\n\t\t<\/div>\n\t\t\t\t<div class=\"elementor-column elementor-col-50 elementor-top-column elementor-element elementor-element-6baf547\" data-id=\"6baf547\" data-element_type=\"column\">\n\t\t\t<div class=\"elementor-widget-wrap elementor-element-populated\">\n\t\t\t\t\t\t<div class=\"elementor-element elementor-element-0acf3e2 elementor-widget elementor-widget-text-editor\" data-id=\"0acf3e2\" data-element_type=\"widget\" data-widget_type=\"text-editor.default\">\n\t\t\t\t<div class=\"elementor-widget-container\">\n\t\t\t\t\t\t\t<div>\u00a0<\/div><div>\u00a0<\/div><ul><li>Comiss\u00e3o de Comunica\u00e7\u00e3o<span class=\"Apple-converted-space\">\u00a0<\/span><\/li><li>Comiss\u00e3o de Inova\u00e7\u00e3o e Empresas Iniciantes<\/li><li>Comiss\u00e3o Institucional<\/li><li>Comiss\u00e3o de Cultura e Artes<\/li><li>Comiss\u00e3o de Sa\u00fade<\/li><\/ul>\t\t\t\t\t\t<\/div>\n\t\t\t\t<\/div>\n\t\t\t\t\t<\/div>\n\t\t<\/div>\n\t\t\t\t\t<\/div>\n\t\t<\/section>\n\t\t\t\t<section class=\"elementor-section elementor-top-section elementor-element elementor-element-6279b27 elementor-section-boxed elementor-section-height-default elementor-section-height-default\" data-id=\"6279b27\" data-element_type=\"section\" data-settings=\"{&quot;background_background&quot;:&quot;classic&quot;}\">\n\t\t\t\t\t\t<div class=\"elementor-container elementor-column-gap-default\">\n\t\t\t\t\t<div class=\"elementor-column elementor-col-100 elementor-top-column elementor-element elementor-element-d80b468\" data-id=\"d80b468\" data-element_type=\"column\">\n\t\t\t<div class=\"elementor-widget-wrap elementor-element-populated\">\n\t\t\t\t\t\t<div class=\"elementor-element elementor-element-e022161 elementor-widget elementor-widget-text-editor\" data-id=\"e022161\" data-element_type=\"widget\" data-widget_type=\"text-editor.default\">\n\t\t\t\t<div class=\"elementor-widget-container\">\n\t\t\t\t\t\t\t<p>Caso voc\u00ea ou sua organiza\u00e7\u00e3o queira estar em parceria com a Funda\u00e7\u00e3o Sol Nascente nas atividades de voluntariado e discuss\u00f5es\/a\u00e7\u00f5es tem\u00e1ticas, basta preencher este formul\u00e1rio para que conhe\u00e7amos o que pensa do(s) tema(s) escolhido(s) e como podemos contatar voc\u00ea ou sua organiza\u00e7\u00e3o para um primeiro alinhamento.<\/p>\t\t\t\t\t\t<\/div>\n\t\t\t\t<\/div>\n\t\t\t\t<div class=\"elementor-element elementor-element-6373c1e elementor-align-center elementor-widget elementor-widget-button\" data-id=\"6373c1e\" data-element_type=\"widget\" data-widget_type=\"button.default\">\n\t\t\t\t<div class=\"elementor-widget-container\">\n\t\t\t\t\t<div class=\"elementor-button-wrapper\">\n\t\t\t<a class=\"elementor-button elementor-button-link elementor-size-sm\" href=\"http:\/\/fundacaosolnascente.com.br\/home\/formulario\/\">\n\t\t\t\t\t\t<span class=\"elementor-button-content-wrapper\">\n\t\t\t\t\t\t\t\t\t<span class=\"elementor-button-text\">CLIQUE E PREENCHA O FORMUL\u00c1RIO DE INTERESSE NA A\u00c7\u00c3O VOLUNT\u00c1RIA.<\/span>\n\t\t\t\t\t<\/span>\n\t\t\t\t\t<\/a>\n\t\t<\/div>\n\t\t\t\t<\/div>\n\t\t\t\t<\/div>\n\t\t\t\t\t<\/div>\n\t\t<\/div>\n\t\t\t\t\t<\/div>\n\t\t<\/section>\n\t\t\t\t<\/div>\n\t\t","protected":false},"excerpt":{"rendered":"<p>A cidadania \u00e9 um dos quatro temas que a Funda\u00e7\u00e3o Sol Nascente trata com especial dedica\u00e7\u00e3o e interesse. Nos eventos, h\u00e1 uma contribui\u00e7\u00e3o permanente de jovens do IESP com quem a Funda\u00e7\u00e3o tem um termo de coopera\u00e7\u00e3o e de outras empresas e institui\u00e7\u00f5es. O foco \u00e9 que uma pessoa que se voluntaria para a\u00e7\u00f5es sociais, &hellip;<\/p>\n<p class=\"read-more\"> <a class=\"\" href=\"https:\/\/fundacaosolnascente.com.br\/home\/voluntariado\/\"> <span class=\"screen-reader-text\">Voluntariado<\/span> Leia mais &raquo;<\/a><\/p>\n","protected":false},"author":1,"featured_media":0,"parent":0,"menu_order":0,"comment_status":"closed","ping_status":"closed","template":"","meta":{"footnotes":""},"class_list":["post-82","page","type-page","status-publish","hentry"],"_links":{"self":[{"href":"https:\/\/fundacaosolnascente.com.br\/home\/wp-json\/wp\/v2\/pages\/82"}],"collection":[{"href":"https:\/\/fundacaosolnascente.com.br\/home\/wp-json\/wp\/v2\/pages"}],"about":[{"href":"https:\/\/fundacaosolnascente.com.br\/home\/wp-json\/wp\/v2\/types\/page"}],"author":[{"embeddable":true,"href":"https:\/\/fundacaosolnascente.com.br\/home\/wp-json\/wp\/v2\/users\/1"}],"replies":[{"embeddable":true,"href":"https:\/\/fundacaosolnascente.com.br\/home\/wp-json\/wp\/v2\/comments?post=82"}],"version-history":[{"count":73,"href":"https:\/\/fundacaosolnascente.com.br\/home\/wp-json\/wp\/v2\/pages\/82\/revisions"}],"predecessor-version":[{"id":999,"href":"https:\/\/fundacaosolnascente.com.br\/home\/wp-json\/wp\/v2\/pages\/82\/revisions\/999"}],"wp:attachment":[{"href":"https:\/\/fundacaosolnascente.com.br\/home\/wp-json\/wp\/v2\/media?parent=82"}],"curies":[{"name":"wp","href":"https:\/\/api.w.org\/{rel}","templated":true}]}}